{"id":37,"date":"2022-12-11T09:54:29","date_gmt":"2022-12-11T09:54:29","guid":{"rendered":"http:\/\/www.Clinic.medyr.net\/?page_id=37"},"modified":"2023-04-17T18:47:18","modified_gmt":"2023-04-17T18:47:18","slug":"37-2","status":"publish","type":"page","link":"https:\/\/medyr.net\/","title":{"rendered":"home"},"content":{"rendered":"<p>[vc_row full_width=\u00bbstretch_row_content_no_spaces\u00bb full_height=\u00bbyes\u00bb columns_placement=\u00bbstretch\u00bb content_placement=\u00bbmiddle\u00bb css=\u00bb.vc_custom_1671007680022{margin-top: -60px !important;padding-top: -10px !important;}\u00bb][vc_column][vc_images_carousel images=\u00bb201&#8243; img_size=\u00bbfull\u00bb autoplay=\u00bbyes\u00bb hide_pagination_control=\u00bbyes\u00bb hide_prev_next_buttons=\u00bbyes\u00bb][\/vc_column][\/vc_row][vc_row][vc_column][vc_column_text]<\/p>\n<h2 style=\"text-align: center;\"><strong>LA EXPERIENCIA DE LA MEDICINA DEL DEPORTE AL SERVICIO DE TODOS NUESTROS PACIENTES<\/strong><\/h2>\n<p>[\/vc_column_text][vc_column_text]LLEVAMOS MAS DE 20 A\u00d1OS TRATANDO TODO TIPO DE LESIONES DEL APARATO LOCOMOTOR DESDE LA EXPERIENCIA DE LA MEDICINA DEPORTIVA., SE\u00d1A DE IDENTIDAD QUE NOS DIFERENCIA DEL RESTO DE CL\u00cdNICAS DE SIMILARES CARACTERISTICAS.<\/p>\n<p>QUEREMOS QUE LA RECUPERACI\u00d3N SEA R\u00c1PIDA Y EFICAZ PARA LOS PACIENTES DE CUALQUIER EDAD Y G\u00c9NERO.<\/p>\n<p>S\u00d3MOS PIONEROS EN EL USO DE RADIOFRECUENCIA\/ DIATERMIA HUMAN-TECAR CON MILES DE PACIENTES RECUPERADOS, COMO CL\u00cdNICA DE REFERENCIA EN ESPA\u00d1A.<\/p>\n<p>SI TIENE ALGUNA LESI\u00d3N O DOLOR, ESTAMOS ENCANTADOS DE RECIBIRLE EN LA NUEVA UBICACI\u00d3N EN\u00a0<strong>AVDA. GENERAL PER\u00d3N 26 1\u00baD<\/strong>\u00a0PARA QUE NUESTRO EQUIPO M\u00c9DICO Y DE FISIOTERAPEUTAS LE PUEDA AYUDAR.[\/vc_column_text][\/vc_column][vc_column][vc_custom_heading text=\u00bbNuestros servicios\u00bb font_container=\u00bbtag:h2|text_align:center\u00bb google_fonts=\u00bbfont_family:Roboto%3A100%2C100italic%2C300%2C300italic%2Cregular%2Citalic%2C500%2C500italic%2C700%2C700italic%2C900%2C900italic|font_style:400%20regular%3A400%3Anormal\u00bb link=\u00bburl:http%3A%2F%2Fwww.Clinic.medyr.net%2F%3Fpage_id%3D55|title:Servicios\u00bb css=\u00bb.vc_custom_1671015422242{margin-top: 55px !important;margin-bottom: 55px !important;}\u00bb][\/vc_column][\/vc_row][vc_row][vc_column width=\u00bb1\/4&#8243;][vc_single_image image=\u00bb96&#8243; alignment=\u00bbcenter\u00bb onclick=\u00bbcustom_link\u00bb link=\u00bbhttp:\/\/medyr.net\/?rtservices=traumatologia\u00bb][\/vc_column][vc_column width=\u00bb1\/4&#8243;][vc_single_image image=\u00bb94&#8243; alignment=\u00bbcenter\u00bb onclick=\u00bbcustom_link\u00bb link=\u00bbhttp:\/\/medyr.net\/?rtservices=rehabilitacion\u00bb][\/vc_column][vc_column width=\u00bb1\/4&#8243;][vc_single_image image=\u00bb85&#8243; alignment=\u00bbcenter\u00bb onclick=\u00bbcustom_link\u00bb link=\u00bbhttp:\/\/medyr.net\/?rtservices=fisioterapia\u00bb][\/vc_column][vc_column width=\u00bb1\/4&#8243;][vc_single_image image=\u00bb88&#8243; alignment=\u00bbcenter\u00bb onclick=\u00bbcustom_link\u00bb link=\u00bbhttp:\/\/medyr.net\/?rtservices=medicina-deportiva\u00bb][\/vc_column][\/vc_row][vc_row][vc_column width=\u00bb1\/4&#8243;][vc_single_image image=\u00bb231&#8243; img_size=\u00bbfull\u00bb alignment=\u00bbcenter\u00bb onclick=\u00bbcustom_link\u00bb link=\u00bbhttp:\/\/medyr.net\/?rtservices=medicina-deportiva\u00bb][\/vc_column][vc_column width=\u00bb1\/4&#8243;][vc_single_image image=\u00bb92&#8243; alignment=\u00bbcenter\u00bb onclick=\u00bbcustom_link\u00bb link=\u00bbhttp:\/\/medyr.net\/?rtservices=para-la-mujer\u00bb][\/vc_column][vc_column width=\u00bb1\/4&#8243;][vc_single_image image=\u00bb89&#8243; alignment=\u00bbcenter\u00bb onclick=\u00bbcustom_link\u00bb link=\u00bbhttp:\/\/medyr.net\/?rtservices=nuevas-tecnologias\u00bb][\/vc_column][vc_column width=\u00bb1\/4&#8243;][vc_single_image image=\u00bb86&#8243; alignment=\u00bbcenter\u00bb onclick=\u00bbcustom_link\u00bb link=\u00bbhttp:\/\/medyr.net\/?rtservices=hombro\u00bb][\/vc_column][\/vc_row][vc_row][vc_column width=\u00bb1\/4&#8243;][vc_single_image image=\u00bb229&#8243; alignment=\u00bbcenter\u00bb onclick=\u00bbcustom_link\u00bb link=\u00bbhttp:\/\/medyr.net\/?rtservices=diagnostico-por-imagen\u00bb][\/vc_column][vc_column width=\u00bb1\/4&#8243;][vc_single_image image=\u00bb83&#8243; alignment=\u00bbcenter\u00bb onclick=\u00bbcustom_link\u00bb link=\u00bbhttp:\/\/medyr.net\/?rtservices=atm\u00bb][\/vc_column][vc_column width=\u00bb1\/4&#8243;][vc_single_image image=\u00bb95&#8243; img_size=\u00bbfull\u00bb alignment=\u00bbcenter\u00bb onclick=\u00bbcustom_link\u00bb link=\u00bbhttp:\/\/medyr.net\/?rtservices=rehabilitacion-respiratoria\u00bb][\/vc_column][vc_column width=\u00bb1\/4&#8243;][\/vc_column][\/vc_row]<\/p>\n","protected":false},"excerpt":{"rendered":"<p>[vc_row full_width=\u00bbstretch_row_content_no_spaces\u00bb full_height=\u00bbyes\u00bb columns_placement=\u00bbstretch\u00bb content_placement=\u00bbmiddle\u00bb css=\u00bb.vc_custom_1671007680022{margin-top: -60px !important;padding-top: -10px !important;}\u00bb][vc_column][vc_images_carousel images=\u00bb201&#8243; img_size=\u00bbfull\u00bb autoplay=\u00bbyes\u00bb hide_pagination_control=\u00bbyes\u00bb hide_prev_next_buttons=\u00bbyes\u00bb][\/vc_column][\/vc_row][vc_row][vc_column][vc_column_text] LA EXPERIENCIA DE LA MEDICINA DEL DEPORTE AL SERVICIO DE TODOS NUESTROS PACIENTES [\/vc_column_text][vc_column_text]LLEVAMOS MAS DE 20 A\u00d1OS TRATANDO TODO TIPO DE LESIONES DEL APARATO LOCOMOTOR DESDE LA EXPERIENCIA DE LA MEDICINA DEPORTIVA., SE\u00d1A DE IDENTIDAD QUE NOS DIFERENCIA DEL [&hellip;]<\/p>\n","protected":false},"author":1,"featured_media":0,"parent":0,"menu_order":0,"comment_status":"closed","ping_status":"closed","template":"page-templates\/page-no-title.php","meta":{"footnotes":""},"class_list":["post-37","page","type-page","status-publish","hentry"],"_links":{"self":[{"href":"https:\/\/medyr.net\/index.php?rest_route=\/wp\/v2\/pages\/37","targetHints":{"allow":["GET"]}}],"collection":[{"href":"https:\/\/medyr.net\/index.php?rest_route=\/wp\/v2\/pages"}],"about":[{"href":"https:\/\/medyr.net\/index.php?rest_route=\/wp\/v2\/types\/page"}],"author":[{"embeddable":true,"href":"https:\/\/medyr.net\/index.php?rest_route=\/wp\/v2\/users\/1"}],"replies":[{"embeddable":true,"href":"https:\/\/medyr.net\/index.php?rest_route=%2Fwp%2Fv2%2Fcomments&post=37"}],"version-history":[{"count":54,"href":"https:\/\/medyr.net\/index.php?rest_route=\/wp\/v2\/pages\/37\/revisions"}],"predecessor-version":[{"id":235,"href":"https:\/\/medyr.net\/index.php?rest_route=\/wp\/v2\/pages\/37\/revisions\/235"}],"wp:attachment":[{"href":"https:\/\/medyr.net\/index.php?rest_route=%2Fwp%2Fv2%2Fmedia&parent=37"}],"curies":[{"name":"wp","href":"https:\/\/api.w.org\/{rel}","templated":true}]}}