{"id":166,"date":"2023-02-08T10:42:27","date_gmt":"2023-02-08T10:42:27","guid":{"rendered":"http:\/\/www.Clinic.medyr.net\/?page_id=166"},"modified":"2023-04-17T19:18:11","modified_gmt":"2023-04-17T19:18:11","slug":"companias","status":"publish","type":"page","link":"https:\/\/medyr.net\/?page_id=166","title":{"rendered":"Compa\u00f1\u00edas"},"content":{"rendered":"<p>[vc_row][vc_column][vc_column_text]<\/p>\n<h4><strong>COMPA\u00d1\u00cdAS<\/strong><\/h4>\n<p>&nbsp;<\/p>\n<p>En la\u00a0<strong>Cl\u00ednica MEDYR<\/strong>\u00a0atendemos a los pacientes con p\u00f3liza de reembolso de\u00a0<strong>cualquier compa\u00f1ia<\/strong>.<br \/>\nTambi\u00e9n tenemos concierto con varias compa\u00f1ias de seguro:<\/p>\n<ul>\n<li><strong>Aegon<\/strong><\/li>\n<li><strong>Antares \/ COSALUD<\/strong><\/li>\n<li><strong>Asisa<\/strong><\/li>\n<li><strong>Cigna<\/strong><\/li>\n<li><strong>HNA \/ Canal Salud 24<\/strong><\/li>\n<li><strong>Nueva Mutua<\/strong><\/li>\n<li><strong>Seguros Santa Luc\u00eda<\/strong><\/li>\n<\/ul>\n<p>[\/vc_column_text][\/vc_column][\/vc_row]<\/p>\n","protected":false},"excerpt":{"rendered":"<p>[vc_row][vc_column][vc_column_text] COMPA\u00d1\u00cdAS &nbsp; En la\u00a0Cl\u00ednica MEDYR\u00a0atendemos a los pacientes con p\u00f3liza de reembolso de\u00a0cualquier compa\u00f1ia. Tambi\u00e9n tenemos concierto con varias compa\u00f1ias de seguro: Aegon Antares \/ COSALUD Asisa Cigna HNA \/ Canal Salud 24 Nueva Mutua Seguros Santa Luc\u00eda [\/vc_column_text][\/vc_column][\/vc_row]<\/p>\n","protected":false},"author":1,"featured_media":0,"parent":0,"menu_order":0,"comment_status":"closed","ping_status":"closed","template":"page-templates\/page-right-sidebar.php","meta":{"footnotes":""},"class_list":["post-166","page","type-page","status-publish","hentry"],"_links":{"self":[{"href":"https:\/\/medyr.net\/index.php?rest_route=\/wp\/v2\/pages\/166","targetHints":{"allow":["GET"]}}],"collection":[{"href":"https:\/\/medyr.net\/index.php?rest_route=\/wp\/v2\/pages"}],"about":[{"href":"https:\/\/medyr.net\/index.php?rest_route=\/wp\/v2\/types\/page"}],"author":[{"embeddable":true,"href":"https:\/\/medyr.net\/index.php?rest_route=\/wp\/v2\/users\/1"}],"replies":[{"embeddable":true,"href":"https:\/\/medyr.net\/index.php?rest_route=%2Fwp%2Fv2%2Fcomments&post=166"}],"version-history":[{"count":4,"href":"https:\/\/medyr.net\/index.php?rest_route=\/wp\/v2\/pages\/166\/revisions"}],"predecessor-version":[{"id":237,"href":"https:\/\/medyr.net\/index.php?rest_route=\/wp\/v2\/pages\/166\/revisions\/237"}],"wp:attachment":[{"href":"https:\/\/medyr.net\/index.php?rest_route=%2Fwp%2Fv2%2Fmedia&parent=166"}],"curies":[{"name":"wp","href":"https:\/\/api.w.org\/{rel}","templated":true}]}}