{"id":161,"date":"2023-02-08T10:40:52","date_gmt":"2023-02-08T10:40:52","guid":{"rendered":"http:\/\/www.Clinic.medyr.net\/?page_id=161"},"modified":"2023-02-08T10:48:01","modified_gmt":"2023-02-08T10:48:01","slug":"161-2","status":"publish","type":"page","link":"https:\/\/medyr.net\/?page_id=161","title":{"rendered":"FAQs"},"content":{"rendered":"<p>[vc_row][vc_column][vc_column_text]<\/p>\n<h4><strong>FAQs<\/strong><\/h4>\n<p>&nbsp;<\/p>\n<p><em>Este listado de Preguntas Frecuentes (FAQ: Frequently Asked Questions) pretende ofrecerle la informaci\u00f3n que necesita y ofrecerle las respuestas a aquellas consultas m\u00e1s frecuentes.<\/em><\/p>\n<p>\u00bfQu\u00e9 pacientes tratamos?<br \/>\nTodo tipo de pacientes con dolores o lesiones del aparato locomotor.<\/p>\n<p>\u00bfTratamos s\u00f3lo a deportistas?<br \/>\nNo, cualquier persona que sea activa o sedentaria, joven o mayor, ser\u00e1 bienvenida para su diagn\u00f3stico y tratamiento.<\/p>\n<p>\u00bfQu\u00e9 diferencias hay en la rehabilitaci\u00f3n de MEDYR?<br \/>\nPartimos de nuestra experiencia en la rehabilitaci\u00f3n de deportistas. Por eso procuramos que sea r\u00e1pida y muy efectiva.<\/p>\n<p>\u00bfQu\u00e9 t\u00e9cnicas se utilizan?<br \/>\nTanto la fisioterapia como todas las t\u00e9cnicas utilizadas en la rehabilitaci\u00f3n, est\u00e1n basadas en la experiencia que tenemos para la recuperaci\u00f3n de los deportistas y que aplicamos a todos los pacientes, m\u00e1s all\u00e1 de que hagan o no ejercicio.<\/p>\n<p>\u00bfSe utilizan terapias alternativas?<br \/>\nSi como tales se considera el masaje o la osteopat\u00eda, efectivamente s\u00ed las utilizamos, pero la realidad es que m\u00e1s que alternativas, estas son terapias que forman parte del proceso rehabilitador de cualquier paciente.<\/p>\n<p>\u00bfTenemos conciertos con compa\u00f1\u00edas m\u00e9dicas?<br \/>\nContamos con un concierto con algunas compa\u00f1\u00edas m\u00e9dicas y, por supuesto, con cualquier compa\u00f1\u00eda de p\u00f3liza de reembolso, para lo cual a nuestros pacientes se les emiten las facturas, informes m\u00e9dicos y recibos necesarios en cada caso.<\/p>\n<p>\u00bfQu\u00e9 horarios tienen?<br \/>\nEl centro MEDYR est\u00e1 abierto de forma ininterrumpida de 9:00 de la ma\u00f1ana a 19:30 horas, de lunes a viernes.<\/p>\n<p>\u00bfLos pacientes tienen un seguimiento m\u00e9dico?<br \/>\nS\u00ed, esto es algo que nos diferencia de otros muchos centros. En MEDYR existe una continua relaci\u00f3n entre m\u00e9dicos y fisioterapeutas, con ello se logra que cada paciente tenga un seguimiento m\u00e9dico continuo y personalizado.<\/p>\n<p>\u00bfCon qu\u00e9 frecuencia se debe acudir a tratamiento?<br \/>\nLo mejor es comenzar con una sesi\u00f3n diaria. Eso nos permite tener una evoluci\u00f3n mucho m\u00e1s r\u00e1pida y un control continuo del paciente. Cuando se inicia la mejor\u00eda las sesiones se pueden espaciar en el tiempo.<\/p>\n<p>\u00bfC\u00f3mo puede acudir a MEDYR?<br \/>\nSi tiene cualquier dolor o lesi\u00f3n, simplemente ll\u00e1menos por tel\u00e9fono o env\u00edenos un email y nuestras secretarias estar\u00e1n encantadas de darle la informaci\u00f3n que necesite y, si lo desea, reservarle una consulta con nuestros m\u00e9dicos.<\/p>\n<p>\u00bfPuedo hacer la rehabilitaci\u00f3n en casa?<br \/>\nA medida que el paciente mejora, ya no tiene que venir todos los d\u00edas y parte de la recuperaci\u00f3n la puede hacer en casa.<\/p>\n<p>\u00bfQu\u00e9 pruebas diagn\u00f3sticas se realizan en MEDYR?<br \/>\nDesde nuestro centro tenemos acceso a todo tipo de pruebas diagn\u00f3sticas (R.M., Rdx., an\u00e1lisis, etc.), realizadas en centros de referencia, con un nivel de calidad equiparable al de nuestro centro.<\/p>\n<p>\u00bfPuedo darme un masaje sin ser paciente?<br \/>\nEl masaje forma parte del proceso rehabilitador de muchas lesiones y normalmente debe estar indicado por un m\u00e9dico. No obstante, en algunos casos de dolor muscular agudo (contractura, tort\u00edcolis, etc.), podemos atenderle para tratar su problema de forma inmediata.[\/vc_column_text][\/vc_column][\/vc_row]<\/p>\n","protected":false},"excerpt":{"rendered":"<p>[vc_row][vc_column][vc_column_text] FAQs &nbsp; Este listado de Preguntas Frecuentes (FAQ: Frequently Asked Questions) pretende ofrecerle la informaci\u00f3n que necesita y ofrecerle las respuestas a aquellas consultas m\u00e1s frecuentes. \u00bfQu\u00e9 pacientes tratamos? Todo tipo de pacientes con dolores o lesiones del aparato locomotor. \u00bfTratamos s\u00f3lo a deportistas? No, cualquier persona que sea activa o sedentaria, joven o [&hellip;]<\/p>\n","protected":false},"author":1,"featured_media":0,"parent":0,"menu_order":0,"comment_status":"closed","ping_status":"closed","template":"page-templates\/page-right-sidebar.php","meta":{"footnotes":""},"class_list":["post-161","page","type-page","status-publish","hentry"],"_links":{"self":[{"href":"https:\/\/medyr.net\/index.php?rest_route=\/wp\/v2\/pages\/161","targetHints":{"allow":["GET"]}}],"collection":[{"href":"https:\/\/medyr.net\/index.php?rest_route=\/wp\/v2\/pages"}],"about":[{"href":"https:\/\/medyr.net\/index.php?rest_route=\/wp\/v2\/types\/page"}],"author":[{"embeddable":true,"href":"https:\/\/medyr.net\/index.php?rest_route=\/wp\/v2\/users\/1"}],"replies":[{"embeddable":true,"href":"https:\/\/medyr.net\/index.php?rest_route=%2Fwp%2Fv2%2Fcomments&post=161"}],"version-history":[{"count":3,"href":"https:\/\/medyr.net\/index.php?rest_route=\/wp\/v2\/pages\/161\/revisions"}],"predecessor-version":[{"id":169,"href":"https:\/\/medyr.net\/index.php?rest_route=\/wp\/v2\/pages\/161\/revisions\/169"}],"wp:attachment":[{"href":"https:\/\/medyr.net\/index.php?rest_route=%2Fwp%2Fv2%2Fmedia&parent=161"}],"curies":[{"name":"wp","href":"https:\/\/api.w.org\/{rel}","templated":true}]}}