{"id":159,"date":"2023-02-08T10:39:24","date_gmt":"2023-02-08T10:39:24","guid":{"rendered":"http:\/\/www.Clinic.medyr.net\/?page_id=159"},"modified":"2023-04-11T11:15:44","modified_gmt":"2023-04-11T11:15:44","slug":"links","status":"publish","type":"page","link":"https:\/\/medyr.net\/?page_id=159","title":{"rendered":"LINKS"},"content":{"rendered":"<p>[vc_row][vc_column][vc_column_text]<\/p>\n<h4><strong>GALER\u00cdA<\/strong><\/h4>\n<ul>\n<li>La Cl\u00ednica Medyr en im\u00e1genes \u2013\u00a0<a href=\"http:\/\/www.medyr.net\/galeria\/\">Galer\u00eda de Medyr<\/a><\/li>\n<\/ul>\n<h4><strong>V\u00cdDEOS<\/strong><\/h4>\n<ul>\n<li>Tratamiento t\u00f3pico oclusivo de tendinopat\u00eda Aquiles \u2013\u00a0<a href=\"https:\/\/www.youtube.com\/watch?v=bF1oiykO2fg\" target=\"_blank\" rel=\"noopener\">Ver v\u00eddeo<\/a><\/li>\n<\/ul>\n<h4><strong>LINKS<\/strong><\/h4>\n<ul>\n<li><a href=\"http:\/\/www.acsm.org\/\" target=\"_blank\" rel=\"noopener\">ACSM<\/a><br \/>\nColegio Americano de Medicina Deportiva.<\/li>\n<li><a href=\"http:\/\/www.ausport.gov.au\/\" target=\"_blank\" rel=\"noopener\">ASC<\/a><br \/>\nInstituto Australiano de Medicina Deportiva.<\/li>\n<li><a href=\"http:\/\/www.ibv.org\/\" target=\"_blank\" rel=\"noopener\">IBV<\/a><br \/>\nInstituto de Biomec\u00e1nica de Valencia (Espa\u00f1a).<\/li>\n<li><a href=\"http:\/\/www.medscape.com\/orthopedics\" target=\"_blank\" rel=\"noopener\">MEDSCAPE<\/a><br \/>\nWeb de informaci\u00f3n general m\u00e9dica para profesionales de la salud.<\/li>\n<li><a href=\"http:\/\/www.femede.es\/\" target=\"_blank\" rel=\"noopener\">SEMED<\/a>\u00a0(antigua FEMEDE)<br \/>\nSociedad Espa\u00f1ola de Medicina del Deporte, antigua \u00abFederaci\u00f3n Espa\u00f1ola de Medicina Deporativa\u00bb.<\/li>\n<li><a href=\"http:\/\/www.semisportmed.com\/\" target=\"_blank\" rel=\"noopener\">SEMI<\/a><br \/>\nSports &amp; Exercise Medicine Institute, Toronto (Canad\u00e1).<\/li>\n<li><a href=\"http:\/\/www.sermef.es\/\" target=\"_blank\" rel=\"noopener\">SERMEF<\/a><br \/>\nSociedad Espa\u00f1ola de Rehabilitaci\u00f3n y Medicina F\u00edsica.<\/li>\n<li><a href=\"http:\/\/www.setrade.org\/\" target=\"_blank\" rel=\"noopener\">SETRADE<\/a><br \/>\nSociedad Espa\u00f1ola de Traumatolog\u00eda del Deporte.<\/li>\n<li><a href=\"http:\/\/www.trkgenetics.com\/\" target=\"_blank\" rel=\"noopener\">TRK Genetics<\/a><br \/>\nAn\u00e1lisis Gen\u00e9ticos y Medicina personalizada \u2013 Deportest.<\/li>\n<\/ul>\n<p>[\/vc_column_text][\/vc_column][\/vc_row]<\/p>\n","protected":false},"excerpt":{"rendered":"<p>[vc_row][vc_column][vc_column_text] GALER\u00cdA La Cl\u00ednica Medyr en im\u00e1genes \u2013\u00a0Galer\u00eda de Medyr V\u00cdDEOS Tratamiento t\u00f3pico oclusivo de tendinopat\u00eda Aquiles \u2013\u00a0Ver v\u00eddeo LINKS ACSM Colegio Americano de Medicina Deportiva. ASC Instituto Australiano de Medicina Deportiva. IBV Instituto de Biomec\u00e1nica de Valencia (Espa\u00f1a). MEDSCAPE Web de informaci\u00f3n general m\u00e9dica para profesionales de la salud. SEMED\u00a0(antigua FEMEDE) Sociedad Espa\u00f1ola de [&hellip;]<\/p>\n","protected":false},"author":1,"featured_media":0,"parent":0,"menu_order":0,"comment_status":"closed","ping_status":"closed","template":"page-templates\/page-right-sidebar.php","meta":{"footnotes":""},"class_list":["post-159","page","type-page","status-publish","hentry"],"_links":{"self":[{"href":"https:\/\/medyr.net\/index.php?rest_route=\/wp\/v2\/pages\/159","targetHints":{"allow":["GET"]}}],"collection":[{"href":"https:\/\/medyr.net\/index.php?rest_route=\/wp\/v2\/pages"}],"about":[{"href":"https:\/\/medyr.net\/index.php?rest_route=\/wp\/v2\/types\/page"}],"author":[{"embeddable":true,"href":"https:\/\/medyr.net\/index.php?rest_route=\/wp\/v2\/users\/1"}],"replies":[{"embeddable":true,"href":"https:\/\/medyr.net\/index.php?rest_route=%2Fwp%2Fv2%2Fcomments&post=159"}],"version-history":[{"count":4,"href":"https:\/\/medyr.net\/index.php?rest_route=\/wp\/v2\/pages\/159\/revisions"}],"predecessor-version":[{"id":222,"href":"https:\/\/medyr.net\/index.php?rest_route=\/wp\/v2\/pages\/159\/revisions\/222"}],"wp:attachment":[{"href":"https:\/\/medyr.net\/index.php?rest_route=%2Fwp%2Fv2%2Fmedia&parent=159"}],"curies":[{"name":"wp","href":"https:\/\/api.w.org\/{rel}","templated":true}]}}