{"id":115,"date":"2022-12-14T09:09:57","date_gmt":"2022-12-14T09:09:57","guid":{"rendered":"http:\/\/www.Clinic.medyr.net\/?page_id=115"},"modified":"2022-12-14T09:13:02","modified_gmt":"2022-12-14T09:13:02","slug":"le-ayudamos","status":"publish","type":"page","link":"https:\/\/medyr.net\/?page_id=115","title":{"rendered":"Le ayudamos"},"content":{"rendered":"<p>[vc_row][vc_column][vc_separator color=\u00bbwhite\u00bb border_width=\u00bb3&#8243;][\/vc_column][vc_column][vc_column_text]<\/p>\n<h4><strong>LE AYUDAMOS<\/strong><\/h4>\n<p>&nbsp;<\/p>\n<p>Nuestro objetivo es realizar un diagn\u00f3stico acertado y claro de cada caso para aplicar el mejor tratamiento.<br \/>\nLa&nbsp;<strong>cl\u00ednica MEDYR\u00ae<\/strong>&nbsp;est\u00e1 formada por un grupo de profesionales capaces de llevar a cabo tratamientos espec\u00edficos sobre una amplia variedad de patolog\u00edas:<\/p>\n<ul>\n<li>Todo tipo de lesiones del aparato locomotor.<\/li>\n<li>Esguince (tobillo, rodilla, mu\u00f1eca, etc.).<\/li>\n<li>Lesiones tendinosas, tanto agudas como cr\u00f3nicas.<\/li>\n<li>Lesiones \u00f3seas, fracturas, contusiones, periostitis.<\/li>\n<li>Recuperaci\u00f3n despu\u00e9s de cirug\u00eda.<\/li>\n<li>Patolog\u00eda de columna y espalda (cervical, dorsal y lumbar).<\/li>\n<li>Lesiones musculares (roturas, contracturas, etc.).<\/li>\n<li>Mareos y cefaleas.<\/li>\n<li>Dolor de hombro y codo.<\/li>\n<li>Dolor de cadera y rodilla.<\/li>\n<li>Tratamiento de linfedema despu\u00e9s de cirug\u00eda.<\/li>\n<li>Descarga del estr\u00e9s.<\/li>\n<li>En relaci\u00f3n a las pruebas diagn\u00f3sticas, la&nbsp;<strong>Cl\u00ednica MEDYR\u00ae<\/strong>&nbsp;mantiene una estrecha relaci\u00f3n con una serie de centros de referencia, a trav\u00e9s de los cuales le podemos solicitar de manera r\u00e1pida y eficaz cualquier tipo de prueba: an\u00e1lisis, resonancia magn\u00e9tica, radiolog\u00eda, ecograf\u00eda, estudio din\u00e1mico plantar, etc.<\/li>\n<li>Programas de entrenamiento en casa o gimnasio.<\/li>\n<li>Alimentaci\u00f3n y programas de control de peso.<\/li>\n<\/ul>\n<p>[\/vc_column_text][\/vc_column][\/vc_row]<\/p>\n","protected":false},"excerpt":{"rendered":"<p>[vc_row][vc_column][vc_separator color=\u00bbwhite\u00bb border_width=\u00bb3&#8243;][\/vc_column][vc_column][vc_column_text] LE AYUDAMOS &nbsp; Nuestro objetivo es realizar un diagn\u00f3stico acertado y claro de cada caso para aplicar el mejor tratamiento. La&nbsp;cl\u00ednica MEDYR\u00ae&nbsp;est\u00e1 formada por un grupo de profesionales capaces de llevar a cabo tratamientos espec\u00edficos sobre una amplia variedad de patolog\u00edas: Todo tipo de lesiones del aparato locomotor. Esguince (tobillo, rodilla, mu\u00f1eca, [&hellip;]<\/p>\n","protected":false},"author":1,"featured_media":0,"parent":0,"menu_order":0,"comment_status":"closed","ping_status":"closed","template":"page-templates\/page-right-sidebar.php","meta":{"footnotes":""},"class_list":["post-115","page","type-page","status-publish","hentry"],"_links":{"self":[{"href":"https:\/\/medyr.net\/index.php?rest_route=\/wp\/v2\/pages\/115","targetHints":{"allow":["GET"]}}],"collection":[{"href":"https:\/\/medyr.net\/index.php?rest_route=\/wp\/v2\/pages"}],"about":[{"href":"https:\/\/medyr.net\/index.php?rest_route=\/wp\/v2\/types\/page"}],"author":[{"embeddable":true,"href":"https:\/\/medyr.net\/index.php?rest_route=\/wp\/v2\/users\/1"}],"replies":[{"embeddable":true,"href":"https:\/\/medyr.net\/index.php?rest_route=%2Fwp%2Fv2%2Fcomments&post=115"}],"version-history":[{"count":4,"href":"https:\/\/medyr.net\/index.php?rest_route=\/wp\/v2\/pages\/115\/revisions"}],"predecessor-version":[{"id":121,"href":"https:\/\/medyr.net\/index.php?rest_route=\/wp\/v2\/pages\/115\/revisions\/121"}],"wp:attachment":[{"href":"https:\/\/medyr.net\/index.php?rest_route=%2Fwp%2Fv2%2Fmedia&parent=115"}],"curies":[{"name":"wp","href":"https:\/\/api.w.org\/{rel}","templated":true}]}}